{"id":14,"date":"2024-03-07T17:31:07","date_gmt":"2024-03-07T17:31:07","guid":{"rendered":"https:\/\/ramosbilbao.rkinformatika.online\/?page_id=14"},"modified":"2024-03-26T21:55:45","modified_gmt":"2024-03-26T21:55:45","slug":"estudio","status":"publish","type":"page","link":"https:\/\/ramosbilbao.com\/eng\/estudio\/","title":{"rendered":"STUDIO"},"content":{"rendered":"<style>.elementor-14 .elementor-element.elementor-element-4e43d55{--display:flex;--flex-direction:column;--container-widget-width:100%;--container-widget-height:initial;--container-widget-flex-grow:0;--container-widget-align-self:initial;--flex-wrap-mobile:wrap;--margin-top:0px;--margin-bottom:0px;--margin-left:0px;--margin-right:0px;--padding-top:120px;--padding-bottom:10px;--padding-left:0px;--padding-right:0px;}.elementor-14 .elementor-element.elementor-element-8485441{text-align:center;}.elementor-14 .elementor-element.elementor-element-8485441 .elementor-heading-title{font-family:\"aaaa\", Sans-serif;font-size:156px;font-weight:100;letter-spacing:-2px;}.elementor-14 .elementor-element.elementor-element-c4c47e2{--display:flex;--min-height:calc(100vh - 437.16px);--flex-direction:row;--container-widget-width:initial;--container-widget-height:100%;--container-widget-flex-grow:1;--container-widget-align-self:stretch;--flex-wrap-mobile:wrap;--gap:0px 0px;--row-gap:0px;--column-gap:0px;--margin-top:0px;--margin-bottom:0px;--margin-left:0px;--margin-right:0px;--padding-top:100px;--padding-bottom:500px;--padding-left:0px;--padding-right:0px;}.elementor-14 .elementor-element.elementor-element-6395b4b{--display:flex;--flex-direction:column;--container-widget-width:100%;--container-widget-height:initial;--container-widget-flex-grow:0;--container-widget-align-self:initial;--flex-wrap-mobile:wrap;--margin-top:0px;--margin-bottom:0px;--margin-left:0px;--margin-right:0px;--padding-top:50px;--padding-bottom:0px;--padding-left:15px;--padding-right:0px;}.elementor-14 .elementor-element.elementor-element-6395b4b.e-con{--flex-grow:0;--flex-shrink:0;}.elementor-14 .elementor-element.elementor-element-9a778c5{--display:flex;--flex-direction:column;--container-widget-width:100%;--container-widget-height:initial;--container-widget-flex-grow:0;--container-widget-align-self:initial;--flex-wrap-mobile:wrap;--margin-top:0px;--margin-bottom:0px;--margin-left:0px;--margin-right:0px;--padding-top:50px;--padding-bottom:0px;--padding-left:15px;--padding-right:0px;}.elementor-14 .elementor-element.elementor-element-9a778c5.e-con{--flex-grow:0;--flex-shrink:0;}.elementor-14 .elementor-element.elementor-element-03728e7{--display:flex;--flex-direction:column;--container-widget-width:100%;--container-widget-height:initial;--container-widget-flex-grow:0;--container-widget-align-self:initial;--flex-wrap-mobile:wrap;--margin-top:0px;--margin-bottom:0px;--margin-left:0px;--margin-right:0px;--padding-top:50px;--padding-bottom:0px;--padding-left:15px;--padding-right:0px;}.elementor-14 .elementor-element.elementor-element-03728e7.e-con{--flex-grow:0;--flex-shrink:0;}.elementor-14 .elementor-element.elementor-element-4c607fc{text-align:justify;font-family:\"Ramos\", Sans-serif;color:#000000;}.elementor-14 .elementor-element.elementor-element-4c607fc > .elementor-widget-container{margin:0px 0px 0px 0px;padding:0px 0px 0px 0px;}.elementor-14 .elementor-element.elementor-element-fc2d87a{--display:flex;--flex-direction:column;--container-widget-width:100%;--container-widget-height:initial;--container-widget-flex-grow:0;--container-widget-align-self:initial;--flex-wrap-mobile:wrap;--margin-top:0px;--margin-bottom:0px;--margin-left:0px;--margin-right:0px;--padding-top:50px;--padding-bottom:0px;--padding-left:15px;--padding-right:0px;}.elementor-14 .elementor-element.elementor-element-fc2d87a.e-con{--flex-grow:0;--flex-shrink:0;}.elementor-14 .elementor-element.elementor-element-821d25e{text-align:justify;font-family:\"Ramos\", Sans-serif;color:#000000;}.elementor-14 .elementor-element.elementor-element-821d25e > .elementor-widget-container{margin:0px 0px 0px 0px;padding:0px 0px 0px 0px;}.elementor-14 .elementor-element.elementor-element-7ca01b3{--display:flex;--flex-direction:column;--container-widget-width:100%;--container-widget-height:initial;--container-widget-flex-grow:0;--container-widget-align-self:initial;--flex-wrap-mobile:wrap;--margin-top:0px;--margin-bottom:0px;--margin-left:0px;--margin-right:0px;--padding-top:50px;--padding-bottom:0px;--padding-left:15px;--padding-right:0px;}.elementor-14 .elementor-element.elementor-element-7ca01b3.e-con{--flex-grow:0;--flex-shrink:0;}.elementor-14 .elementor-element.elementor-element-037ec4c{text-align:justify;font-family:\"Ramos\", Sans-serif;color:#000000;}.elementor-14 .elementor-element.elementor-element-037ec4c > .elementor-widget-container{margin:0px 0px 0px 0px;padding:0px 0px 0px 0px;}.elementor-14 .elementor-element.elementor-element-b740a4d{--display:flex;--flex-direction:column;--container-widget-width:100%;--container-widget-height:initial;--container-widget-flex-grow:0;--container-widget-align-self:initial;--flex-wrap-mobile:wrap;--justify-content:flex-end;--margin-top:0px;--margin-bottom:0px;--margin-left:0px;--margin-right:0px;--padding-top:0px;--padding-bottom:0px;--padding-left:0px;--padding-right:0px;}.elementor-14 .elementor-element.elementor-element-b740a4d.e-con{--flex-grow:0;--flex-shrink:0;}.elementor-14 .elementor-element.elementor-element-c37f6c0 > .elementor-widget-container{margin:0px 0px 0px 0px;padding:0px 0px 0px 0px;}.elementor-14 .elementor-element.elementor-element-8d55e41{--display:flex;--flex-direction:row;--container-widget-width:initial;--container-widget-height:100%;--container-widget-flex-grow:1;--container-widget-align-self:stretch;--flex-wrap-mobile:wrap;--gap:0px 0px;--row-gap:0px;--column-gap:0px;--margin-top:0px;--margin-bottom:0px;--margin-left:0px;--margin-right:0px;--padding-top:200px;--padding-bottom:200px;--padding-left:0px;--padding-right:0px;}.elementor-14 .elementor-element.elementor-element-8d55e41.e-con{--flex-grow:0;--flex-shrink:0;}.elementor-14 .elementor-element.elementor-element-584799d{--display:flex;--flex-direction:column;--container-widget-width:100%;--container-widget-height:initial;--container-widget-flex-grow:0;--container-widget-align-self:initial;--flex-wrap-mobile:wrap;--margin-top:0px;--margin-bottom:0px;--margin-left:0px;--margin-right:0px;--padding-top:20px;--padding-bottom:0px;--padding-left:0px;--padding-right:0px;}.elementor-14 .elementor-element.elementor-element-584799d.e-con{--flex-grow:0;--flex-shrink:0;}.elementor-14 .elementor-element.elementor-element-b4ebcac > .elementor-widget-container{margin:0px 0px 0px 0px;padding:0px 0px 0px 0px;}.elementor-14 .elementor-element.elementor-element-7db6d52{--display:flex;--flex-direction:column;--container-widget-width:100%;--container-widget-height:initial;--container-widget-flex-grow:0;--container-widget-align-self:initial;--flex-wrap-mobile:wrap;--margin-top:0px;--margin-bottom:0px;--margin-left:0px;--margin-right:0px;--padding-top:50px;--padding-bottom:0px;--padding-left:40px;--padding-right:0px;}.elementor-14 .elementor-element.elementor-element-7db6d52.e-con{--flex-grow:0;--flex-shrink:0;}.elementor-14 .elementor-element.elementor-element-dfd7582{text-align:justify;font-family:\"Ramos\", Sans-serif;color:#000000;}.elementor-14 .elementor-element.elementor-element-dfd7582 > .elementor-widget-container{margin:0px 0px 0px 0px;padding:0px 0px 0px 0px;}@media(max-width:1024px){.elementor-14 .elementor-element.elementor-element-6395b4b{--margin-top:0px;--margin-bottom:0px;--margin-left:0px;--margin-right:0px;--padding-top:0px;--padding-bottom:0px;--padding-left:0px;--padding-right:0px;}.elementor-14 .elementor-element.elementor-element-9a778c5{--margin-top:0px;--margin-bottom:0px;--margin-left:0px;--margin-right:0px;--padding-top:0px;--padding-bottom:0px;--padding-left:0px;--padding-right:0px;}.elementor-14 .elementor-element.elementor-element-03728e7{--margin-top:0px;--margin-bottom:0px;--margin-left:0px;--margin-right:0px;--padding-top:0px;--padding-bottom:0px;--padding-left:0px;--padding-right:0px;}.elementor-14 .elementor-element.elementor-element-4c607fc{font-size:15px;}.elementor-14 .elementor-element.elementor-element-fc2d87a{--margin-top:0px;--margin-bottom:0px;--margin-left:0px;--margin-right:0px;--padding-top:0px;--padding-bottom:0px;--padding-left:0px;--padding-right:0px;}.elementor-14 .elementor-element.elementor-element-821d25e{font-size:15px;}.elementor-14 .elementor-element.elementor-element-7ca01b3{--margin-top:0px;--margin-bottom:0px;--margin-left:0px;--margin-right:0px;--padding-top:0px;--padding-bottom:0px;--padding-left:0px;--padding-right:0px;}.elementor-14 .elementor-element.elementor-element-037ec4c{font-size:15px;}.elementor-14 .elementor-element.elementor-element-b740a4d{--margin-top:0px;--margin-bottom:0px;--margin-left:0px;--margin-right:0px;}.elementor-14 .elementor-element.elementor-element-c37f6c0 > .elementor-widget-container{margin:0px 0px 0px 0px;padding:180px 0px 0px 0px;}.elementor-14 .elementor-element.elementor-element-8d55e41{--margin-top:0px;--margin-bottom:0px;--margin-left:0px;--margin-right:0px;--padding-top:100px;--padding-bottom:200px;--padding-left:0px;--padding-right:0px;}.elementor-14 .elementor-element.elementor-element-584799d{--margin-top:0px;--margin-bottom:0px;--margin-left:0px;--margin-right:0px;}.elementor-14 .elementor-element.elementor-element-b4ebcac > .elementor-widget-container{margin:0px 10px 0px 0px;padding:150px 0px 0px 0px;}.elementor-14 .elementor-element.elementor-element-7db6d52{--margin-top:0px;--margin-bottom:0px;--margin-left:0px;--margin-right:0px;--padding-top:0px;--padding-bottom:0px;--padding-left:0px;--padding-right:0px;}.elementor-14 .elementor-element.elementor-element-dfd7582{font-size:15px;}}@media(min-width:768px){.elementor-14 .elementor-element.elementor-element-6395b4b{--width:9.443%;}.elementor-14 .elementor-element.elementor-element-9a778c5{--width:9.443%;}.elementor-14 .elementor-element.elementor-element-03728e7{--width:18%;}.elementor-14 .elementor-element.elementor-element-fc2d87a{--width:18%;}.elementor-14 .elementor-element.elementor-element-7ca01b3{--width:18%;}.elementor-14 .elementor-element.elementor-element-b740a4d{--width:20%;}.elementor-14 .elementor-element.elementor-element-584799d{--width:20%;}.elementor-14 .elementor-element.elementor-element-7db6d52{--width:25%;}}@media(max-width:1024px) and (min-width:768px){.elementor-14 .elementor-element.elementor-element-6395b4b{--width:419.562px;}.elementor-14 .elementor-element.elementor-element-9a778c5{--width:419.562px;}.elementor-14 .elementor-element.elementor-element-03728e7{--width:419.562px;}.elementor-14 .elementor-element.elementor-element-fc2d87a{--width:419.562px;}.elementor-14 .elementor-element.elementor-element-7ca01b3{--width:419.562px;}.elementor-14 .elementor-element.elementor-element-8d55e41{--width:688px;}.elementor-14 .elementor-element.elementor-element-584799d{--width:264px;}.elementor-14 .elementor-element.elementor-element-7db6d52{--width:500px;}}@media(max-width:767px){.elementor-14 .elementor-element.elementor-element-4e43d55{--margin-top:0px;--margin-bottom:0px;--margin-left:0px;--margin-right:0px;}.elementor-14 .elementor-element.elementor-element-8485441 .elementor-heading-title{font-size:60px;}.elementor-14 .elementor-element.elementor-element-8485441 > .elementor-widget-container{margin:0px 0px 0px 0px;padding:0px 0px 0px 0px;}.elementor-14 .elementor-element.elementor-element-6395b4b{--margin-top:0px;--margin-bottom:0px;--margin-left:0px;--margin-right:0px;--padding-top:30px;--padding-bottom:0px;--padding-left:10px;--padding-right:10px;}.elementor-14 .elementor-element.elementor-element-9a778c5{--margin-top:0px;--margin-bottom:0px;--margin-left:0px;--margin-right:0px;--padding-top:30px;--padding-bottom:0px;--padding-left:10px;--padding-right:10px;}.elementor-14 .elementor-element.elementor-element-03728e7{--margin-top:0px;--margin-bottom:0px;--margin-left:0px;--margin-right:0px;--padding-top:30px;--padding-bottom:0px;--padding-left:10px;--padding-right:10px;}.elementor-14 .elementor-element.elementor-element-fc2d87a{--margin-top:0px;--margin-bottom:0px;--margin-left:0px;--margin-right:0px;--padding-top:30px;--padding-bottom:0px;--padding-left:10px;--padding-right:10px;}.elementor-14 .elementor-element.elementor-element-7ca01b3{--margin-top:0px;--margin-bottom:0px;--margin-left:0px;--margin-right:0px;--padding-top:30px;--padding-bottom:0px;--padding-left:10px;--padding-right:10px;}.elementor-14 .elementor-element.elementor-element-b740a4d{--margin-top:0px;--margin-bottom:0px;--margin-left:0px;--margin-right:0px;--padding-top:0px;--padding-bottom:0px;--padding-left:0px;--padding-right:0px;}.elementor-14 .elementor-element.elementor-element-c37f6c0 > .elementor-widget-container{margin:0px 0px 0px 0px;padding:0px 0px 0px 0px;}.elementor-14 .elementor-element.elementor-element-584799d{--margin-top:0px;--margin-bottom:0px;--margin-left:0px;--margin-right:0px;--padding-top:0px;--padding-bottom:0px;--padding-left:0px;--padding-right:0px;}.elementor-14 .elementor-element.elementor-element-b4ebcac > .elementor-widget-container{margin:0px 0px 0px 0px;padding:0px 0px 0px 0px;}.elementor-14 .elementor-element.elementor-element-7db6d52{--margin-top:0px;--margin-bottom:0px;--margin-left:0px;--margin-right:0px;--padding-top:30px;--padding-bottom:0px;--padding-left:10px;--padding-right:10px;}}\/* Start Custom Fonts CSS *\/@font-face {\n\tfont-family: 'aaaa';\n\tfont-style: normal;\n\tfont-weight: normal;\n\tfont-display: auto;\n\tsrc: url('https:\/\/ramosbilbao.com\/wp-content\/uploads\/2024\/03\/Fontspring-DEMO-articulatcf-medium-BF64a38d8b06b0b.ttf') format('truetype');\n}\n\/* End Custom Fonts CSS *\/\n\/* Start Custom Fonts CSS *\/@font-face {\n\tfont-family: 'Ramos';\n\tfont-style: normal;\n\tfont-weight: normal;\n\tfont-display: auto;\n\tsrc: url('https:\/\/ramosbilbao.com\/wp-content\/uploads\/2024\/03\/258C67_0_0.ttf') format('truetype');\n}\n\/* End Custom Fonts CSS *\/<\/style>\t\t<div data-elementor-type=\"wp-page\" data-elementor-id=\"14\" class=\"elementor elementor-14\" data-elementor-post-type=\"page\">\n\t\t\t\t<div class=\"elementor-element elementor-element-4e43d55 e-flex e-con-boxed e-con e-parent\" data-id=\"4e43d55\" data-element_type=\"container\" data-e-type=\"container\">\n\t\t\t\t\t<div class=\"e-con-inner\">\n\t\t\t\t<div class=\"elementor-element elementor-element-8485441 elementor-widget elementor-widget-heading\" data-id=\"8485441\" data-element_type=\"widget\" data-e-type=\"widget\" data-widget_type=\"heading.default\">\n\t\t\t\t<div class=\"elementor-widget-container\">\n\t\t\t\t\t<h2 class=\"elementor-heading-title elementor-size-default\">STUDIO<\/h2>\t\t\t\t<\/div>\n\t\t\t\t<\/div>\n\t\t\t\t\t<\/div>\n\t\t\t\t<\/div>\n\t\t<div class=\"elementor-element elementor-element-c4c47e2 e-con-full elementor-hidden-tablet e-flex e-con e-parent\" data-id=\"c4c47e2\" data-element_type=\"container\" data-e-type=\"container\">\n\t\t<div class=\"elementor-element elementor-element-6395b4b e-con-full e-flex e-con e-child\" data-id=\"6395b4b\" data-element_type=\"container\" data-e-type=\"container\">\n\t\t\t\t<\/div>\n\t\t<div class=\"elementor-element elementor-element-9a778c5 e-con-full e-flex e-con e-child\" data-id=\"9a778c5\" data-element_type=\"container\" data-e-type=\"container\">\n\t\t\t\t<\/div>\n\t\t<div class=\"elementor-element elementor-element-03728e7 e-con-full e-flex e-con e-child\" data-id=\"03728e7\" data-element_type=\"container\" data-e-type=\"container\">\n\t\t\t\t<div class=\"elementor-element elementor-element-4c607fc elementor-widget elementor-widget-text-editor\" data-id=\"4c607fc\" data-element_type=\"widget\" data-e-type=\"widget\" data-widget_type=\"text-editor.default\">\n\t\t\t\t<div class=\"elementor-widget-container\">\n\t\t\t\t\t\t\t\t\t<p>Ramos Bilbao Arquitectos ha pasado m\u00e1s de diez a\u00f1os haciendo una arquitectura honesta y rigurosa, nutri\u00e9ndose de un trabajo colaborativo entre arquitectos e interioristas. El despacho fue fundado por el arquitecto Xabier Ramos tras licenciarse en la ETSA por la Universidad de Navarra y trabajar durante algunos a\u00f1os en proyectos de terceros de entidad importante, como universidades o centros c\u00edvicos, y en proyectos de menor escala orientados a la rehabilitaci\u00f3n o reforma de viviendas privadas, locales comerciales o sedes de empresas entre otros trabajos.<\/p>\t\t\t\t\t\t\t\t<\/div>\n\t\t\t\t<\/div>\n\t\t\t\t<\/div>\n\t\t<div class=\"elementor-element elementor-element-fc2d87a e-con-full e-flex e-con e-child\" data-id=\"fc2d87a\" data-element_type=\"container\" data-e-type=\"container\">\n\t\t\t\t<div class=\"elementor-element elementor-element-821d25e elementor-widget elementor-widget-text-editor\" data-id=\"821d25e\" data-element_type=\"widget\" data-e-type=\"widget\" data-widget_type=\"text-editor.default\">\n\t\t\t\t<div class=\"elementor-widget-container\">\n\t\t\t\t\t\t\t\t\t<p>Conocer el estudio significa comprender los valores por los que se rige a la hora de afrontar su trabajo creativo. El equipo persigue la m\u00e1xima de simplificar los dise\u00f1os en conceptos claros y reconocibles, algo esencial en su pensamiento para alcanzar el equilibrio ideal entre m\u00e1xima calidad est\u00e9tica, funcional y sostenible, algo que logra con el juego e investigaci\u00f3n con vol\u00famenes, materiales, espacios y la interacci\u00f3n de estos con la luz.\u00a0<\/p>\t\t\t\t\t\t\t\t<\/div>\n\t\t\t\t<\/div>\n\t\t\t\t<\/div>\n\t\t<div class=\"elementor-element elementor-element-7ca01b3 e-con-full e-flex e-con e-child\" data-id=\"7ca01b3\" data-element_type=\"container\" data-e-type=\"container\">\n\t\t\t\t<div class=\"elementor-element elementor-element-037ec4c elementor-widget elementor-widget-text-editor\" data-id=\"037ec4c\" data-element_type=\"widget\" data-e-type=\"widget\" data-widget_type=\"text-editor.default\">\n\t\t\t\t<div class=\"elementor-widget-container\">\n\t\t\t\t\t\t\t\t\t<p>Identifying needs and values, extolling relevant concepts, is inherent to any project that aims at quality in its broadest sense. Direct contact with the manufacturer and the factory, with the material and its possibilities, is an aspect on which the firm has been working and specializing over the years, until it has a high level of control over the finished product. The materials and their quality, what they represent and transmit is something that must be present in all the designs that are made here.<\/p>\t\t\t\t\t\t\t\t<\/div>\n\t\t\t\t<\/div>\n\t\t\t\t<\/div>\n\t\t<div class=\"elementor-element elementor-element-b740a4d e-con-full e-flex e-con e-child\" data-id=\"b740a4d\" data-element_type=\"container\" data-e-type=\"container\">\n\t\t\t\t<div class=\"elementor-element elementor-element-c37f6c0 elementor-widget elementor-widget-image\" data-id=\"c37f6c0\" data-element_type=\"widget\" data-e-type=\"widget\" data-widget_type=\"image.default\">\n\t\t\t\t<div class=\"elementor-widget-container\">\n\t\t\t\t\t\t\t\t\t\t\t\t\t\t\t<img fetchpriority=\"high\" decoding=\"async\" width=\"800\" height=\"614\" src=\"https:\/\/ramosbilbao.com\/wp-content\/uploads\/2024\/03\/1-13-1024x786.jpg\" class=\"attachment-large size-large wp-image-1431\" alt=\"\" srcset=\"https:\/\/ramosbilbao.com\/wp-content\/uploads\/2024\/03\/1-13-1024x786.jpg 1024w, https:\/\/ramosbilbao.com\/wp-content\/uploads\/2024\/03\/1-13-300x230.jpg 300w, https:\/\/ramosbilbao.com\/wp-content\/uploads\/2024\/03\/1-13-768x590.jpg 768w, https:\/\/ramosbilbao.com\/wp-content\/uploads\/2024\/03\/1-13-16x12.jpg 16w, https:\/\/ramosbilbao.com\/wp-content\/uploads\/2024\/03\/1-13.jpg 1149w\" sizes=\"(max-width: 800px) 100vw, 800px\" \/>\t\t\t\t\t\t\t\t\t\t\t\t\t\t\t<\/div>\n\t\t\t\t<\/div>\n\t\t\t\t<\/div>\n\t\t\t\t<\/div>\n\t\t<div class=\"elementor-element elementor-element-8d55e41 e-con-full elementor-hidden-desktop elementor-hidden-mobile e-flex e-con e-parent\" data-id=\"8d55e41\" data-element_type=\"container\" data-e-type=\"container\">\n\t\t<div class=\"elementor-element elementor-element-584799d e-con-full e-flex e-con e-child\" data-id=\"584799d\" data-element_type=\"container\" data-e-type=\"container\">\n\t\t\t\t<div class=\"elementor-element elementor-element-b4ebcac elementor-widget elementor-widget-image\" data-id=\"b4ebcac\" data-element_type=\"widget\" data-e-type=\"widget\" data-widget_type=\"image.default\">\n\t\t\t\t<div class=\"elementor-widget-container\">\n\t\t\t\t\t\t\t\t\t\t\t\t\t\t\t<img fetchpriority=\"high\" decoding=\"async\" width=\"800\" height=\"614\" src=\"https:\/\/ramosbilbao.com\/wp-content\/uploads\/2024\/03\/1-13-1024x786.jpg\" class=\"attachment-large size-large wp-image-1431\" alt=\"\" srcset=\"https:\/\/ramosbilbao.com\/wp-content\/uploads\/2024\/03\/1-13-1024x786.jpg 1024w, https:\/\/ramosbilbao.com\/wp-content\/uploads\/2024\/03\/1-13-300x230.jpg 300w, https:\/\/ramosbilbao.com\/wp-content\/uploads\/2024\/03\/1-13-768x590.jpg 768w, https:\/\/ramosbilbao.com\/wp-content\/uploads\/2024\/03\/1-13-16x12.jpg 16w, https:\/\/ramosbilbao.com\/wp-content\/uploads\/2024\/03\/1-13.jpg 1149w\" sizes=\"(max-width: 800px) 100vw, 800px\" \/>\t\t\t\t\t\t\t\t\t\t\t\t\t\t\t<\/div>\n\t\t\t\t<\/div>\n\t\t\t\t<\/div>\n\t\t<div class=\"elementor-element elementor-element-7db6d52 e-con-full e-flex e-con e-child\" data-id=\"7db6d52\" data-element_type=\"container\" data-e-type=\"container\">\n\t\t\t\t<div class=\"elementor-element elementor-element-dfd7582 elementor-widget elementor-widget-text-editor\" data-id=\"dfd7582\" data-element_type=\"widget\" data-e-type=\"widget\" data-widget_type=\"text-editor.default\">\n\t\t\t\t<div class=\"elementor-widget-container\">\n\t\t\t\t\t\t\t\t\t<p>Ramos Bilbao Arquitectos ha pasado m\u00e1s de diez a\u00f1os haciendo una arquitectura honesta y rigurosa, nutri\u00e9ndose de un trabajo colaborativo entre arquitectos e interioristas. El despacho fue fundado por el arquitecto Xabier Ramos tras licenciarse en la ETSA por la Universidad de Navarra y trabajar durante algunos a\u00f1os en proyectos de terceros de entidad importante, como universidades o centros c\u00edvicos, y en proyectos de menor escala orientados a la rehabilitaci\u00f3n o reforma de viviendas privadas, locales comerciales o sedes de empresas entre otros trabajos.<\/p><p>Conocer el estudio significa comprender los valores por los que se rige a la hora de afrontar su trabajo creativo. El equipo persigue la m\u00e1xima de simplificar los dise\u00f1os en conceptos claros y reconocibles, algo esencial en su pensamiento para alcanzar el equilibrio ideal entre m\u00e1xima calidad est\u00e9tica, funcional y sostenible, algo que logra con el juego e investigaci\u00f3n con vol\u00famenes, materiales, espacios y la interacci\u00f3n de estos con la luz.\u00a0<\/p><p>Identifying needs and values, extolling relevant concepts, is inherent to any project that aims at quality in its broadest sense. Direct contact with the manufacturer and the factory, with the material and its possibilities, is an aspect on which the firm has been working and specializing over the years, until it has a high level of control over the finished product. The materials and their quality, what they represent and transmit is something that must be present in all the designs that are made here.<\/p>\t\t\t\t\t\t\t\t<\/div>\n\t\t\t\t<\/div>\n\t\t\t\t<\/div>\n\t\t\t\t<\/div>\n\t\t\t\t<\/div>","protected":false},"excerpt":{"rendered":"<p>ESTUDIO Ramos Bilbao Arquitectos ha pasado m\u00e1s de diez a\u00f1os haciendo una arquitectura honesta y rigurosa, nutri\u00e9ndose de un trabajo colaborativo entre arquitectos e interioristas. El despacho fue fundado por el arquitecto Xabier Ramos tras licenciarse en la ETSA por la Universidad de Navarra y trabajar durante algunos a\u00f1os en proyectos de terceros de entidad [&hellip;]<\/p>\n","protected":false},"author":1,"featured_media":0,"parent":0,"menu_order":0,"comment_status":"closed","ping_status":"closed","template":"elementor_canvas","meta":{"footnotes":""},"class_list":["post-14","page","type-page","status-publish","hentry"],"_links":{"self":[{"href":"https:\/\/ramosbilbao.com\/eng\/wp-json\/wp\/v2\/pages\/14","targetHints":{"allow":["GET"]}}],"collection":[{"href":"https:\/\/ramosbilbao.com\/eng\/wp-json\/wp\/v2\/pages"}],"about":[{"href":"https:\/\/ramosbilbao.com\/eng\/wp-json\/wp\/v2\/types\/page"}],"author":[{"embeddable":true,"href":"https:\/\/ramosbilbao.com\/eng\/wp-json\/wp\/v2\/users\/1"}],"replies":[{"embeddable":true,"href":"https:\/\/ramosbilbao.com\/eng\/wp-json\/wp\/v2\/comments?post=14"}],"version-history":[{"count":152,"href":"https:\/\/ramosbilbao.com\/eng\/wp-json\/wp\/v2\/pages\/14\/revisions"}],"predecessor-version":[{"id":4485,"href":"https:\/\/ramosbilbao.com\/eng\/wp-json\/wp\/v2\/pages\/14\/revisions\/4485"}],"wp:attachment":[{"href":"https:\/\/ramosbilbao.com\/eng\/wp-json\/wp\/v2\/media?parent=14"}],"curies":[{"name":"wp","href":"https:\/\/api.w.org\/{rel}","templated":true}]}}