{"id":1282,"date":"2024-03-11T17:26:54","date_gmt":"2024-03-11T17:26:54","guid":{"rendered":"https:\/\/ramosbilbao.rkinformatika.online\/?page_id=1282"},"modified":"2025-10-07T23:13:10","modified_gmt":"2025-10-07T23:13:10","slug":"bihoma","status":"publish","type":"page","link":"https:\/\/ramosbilbao.com\/eng\/bihoma\/","title":{"rendered":"Bihoma"},"content":{"rendered":"<div data-elementor-type=\"wp-page\" data-elementor-id=\"1282\" class=\"elementor elementor-1282\" data-elementor-post-type=\"page\">\n\t\t\t\t\t\t<section class=\"elementor-section elementor-top-section elementor-element elementor-element-10e9a73 elementor-section-boxed elementor-section-height-default elementor-section-height-default\" data-id=\"10e9a73\" data-element_type=\"section\" data-e-type=\"section\" data-settings=\"{&quot;background_background&quot;:&quot;classic&quot;}\">\n\t\t\t\t\t\t\t<div class=\"elementor-background-overlay\"><\/div>\n\t\t\t\t\t\t\t<div class=\"elementor-container elementor-column-gap-default\">\n\t\t\t\t\t<div class=\"elementor-column elementor-col-100 elementor-top-column elementor-element elementor-element-4d1f127\" data-id=\"4d1f127\" data-element_type=\"column\" data-e-type=\"column\">\n\t\t\t<div class=\"elementor-widget-wrap elementor-element-populated\">\n\t\t\t\t\t\t<div class=\"elementor-element elementor-element-bf5710f elementor-widget elementor-widget-heading\" data-id=\"bf5710f\" data-element_type=\"widget\" data-e-type=\"widget\" data-widget_type=\"heading.default\">\n\t\t\t\t<div class=\"elementor-widget-container\">\n\t\t\t\t\t<h2 class=\"elementor-heading-title elementor-size-default\">PROYECTO BIHOMA<\/h2>\t\t\t\t<\/div>\n\t\t\t\t<\/div>\n\t\t\t\t<div class=\"elementor-element elementor-element-b58f475 elementor-widget elementor-widget-heading\" data-id=\"b58f475\" data-element_type=\"widget\" data-e-type=\"widget\" data-widget_type=\"heading.default\">\n\t\t\t\t<div class=\"elementor-widget-container\">\n\t\t\t\t\t<h2 class=\"elementor-heading-title elementor-size-default\">Durango, Spain 2023<\/h2>\t\t\t\t<\/div>\n\t\t\t\t<\/div>\n\t\t\t\t<div class=\"elementor-element elementor-element-abcc7b2 elementor-view-default elementor-widget elementor-widget-icon\" data-id=\"abcc7b2\" data-element_type=\"widget\" data-e-type=\"widget\" data-widget_type=\"icon.default\">\n\t\t\t\t<div class=\"elementor-widget-container\">\n\t\t\t\t\t\t\t<div class=\"elementor-icon-wrapper\">\n\t\t\t<a class=\"elementor-icon\" href=\"#13\">\n\t\t\t<i aria-hidden=\"true\" class=\"icon icon-arrow-down\"><\/i>\t\t\t<\/a>\n\t\t<\/div>\n\t\t\t\t\t\t<\/div>\n\t\t\t\t<\/div>\n\t\t\t\t\t<\/div>\n\t\t<\/div>\n\t\t\t\t\t<\/div>\n\t\t<\/section>\n\t\t<div class=\"elementor-element elementor-element-6a70282 e-flex e-con-boxed e-con e-parent\" data-id=\"6a70282\" data-element_type=\"container\" data-e-type=\"container\" id=\"13\">\n\t\t\t\t\t<div class=\"e-con-inner\">\n\t\t<div class=\"elementor-element elementor-element-da672ae e-con-full e-flex e-con e-child\" data-id=\"da672ae\" data-element_type=\"container\" data-e-type=\"container\">\n\t\t\t\t<div class=\"elementor-element elementor-element-daceded elementor-widget elementor-widget-heading\" data-id=\"daceded\" data-element_type=\"widget\" data-e-type=\"widget\" data-widget_type=\"heading.default\">\n\t\t\t\t<div class=\"elementor-widget-container\">\n\t\t\t\t\t<h2 class=\"elementor-heading-title elementor-size-default\"><a href=\"#info13\">INFO<\/a><\/h2>\t\t\t\t<\/div>\n\t\t\t\t<\/div>\n\t\t\t\t<\/div>\n\t\t<div class=\"elementor-element elementor-element-3671126 e-con-full e-flex e-con e-child\" data-id=\"3671126\" data-element_type=\"container\" data-e-type=\"container\">\n\t\t\t\t<div class=\"elementor-element elementor-element-fe0c802 elementor-widget elementor-widget-heading\" data-id=\"fe0c802\" data-element_type=\"widget\" data-e-type=\"widget\" data-widget_type=\"heading.default\">\n\t\t\t\t<div class=\"elementor-widget-container\">\n\t\t\t\t\t<h2 class=\"elementor-heading-title elementor-size-default\"><a href=\"#imagenes13\">IM\u00c1GENES<\/a><\/h2>\t\t\t\t<\/div>\n\t\t\t\t<\/div>\n\t\t\t\t<\/div>\n\t\t<div class=\"elementor-element elementor-element-a644e8d e-con-full e-flex e-con e-child\" data-id=\"a644e8d\" data-element_type=\"container\" data-e-type=\"container\">\n\t\t\t\t<div class=\"elementor-element elementor-element-1641c09 elementor-widget elementor-widget-heading\" data-id=\"1641c09\" data-element_type=\"widget\" data-e-type=\"widget\" data-widget_type=\"heading.default\">\n\t\t\t\t<div class=\"elementor-widget-container\">\n\t\t\t\t\t<h2 class=\"elementor-heading-title elementor-size-default\"><a href=\"#planos13\">PLANOS<\/a><\/h2>\t\t\t\t<\/div>\n\t\t\t\t<\/div>\n\t\t\t\t<\/div>\n\t\t\t\t\t<\/div>\n\t\t\t\t<\/div>\n\t\t<div class=\"elementor-element elementor-element-1fb397b e-flex e-con-boxed e-con e-parent\" data-id=\"1fb397b\" data-element_type=\"container\" data-e-type=\"container\" id=\"info13\">\n\t\t\t\t\t<div class=\"e-con-inner\">\n\t\t<div class=\"elementor-element elementor-element-0961004 e-con-full e-flex e-con e-child\" data-id=\"0961004\" data-element_type=\"container\" data-e-type=\"container\">\n\t\t\t\t<div class=\"elementor-element elementor-element-b6577d5 elementor-widget elementor-widget-text-editor\" data-id=\"b6577d5\" data-element_type=\"widget\" data-e-type=\"widget\" data-widget_type=\"text-editor.default\">\n\t\t\t\t<div class=\"elementor-widget-container\">\n\t\t\t\t\t\t\t\t\t<p>Este es un edificio dise\u00f1ado para ser un espacio polivalente, capaz de crecer, unirse o dividirse en diferentes ambientes seg\u00fan las necesidades del cliente. El dise\u00f1o se basa en la repetici\u00f3n de una misma figura geom\u00e9trica b\u00e1sica, concreta, masiva y casi c\u00fabica, que se apila para conformar un ordenamiento bas\u00e1ndonos en el programa.<\/p><p>Los prismas est\u00e1n construidos en hormig\u00f3n, lo que enfatiza la inalterabilidad de los recorridos naturales, cuevas o cavidades que sorprenden desembocando en lugares inesperados, como una plaza aterrazada. El dise\u00f1o crece mediante el apilamiento sucesivo y el movimiento en planta, lo que crea un juego din\u00e1mico de vol\u00famenes.<\/p>\t\t\t\t\t\t\t\t<\/div>\n\t\t\t\t<\/div>\n\t\t\t\t<\/div>\n\t\t<div class=\"elementor-element elementor-element-c1554da e-con-full e-flex e-con e-child\" data-id=\"c1554da\" data-element_type=\"container\" data-e-type=\"container\">\n\t\t\t\t<div class=\"elementor-element elementor-element-dbb74f7 elementor-widget elementor-widget-text-editor\" data-id=\"dbb74f7\" data-element_type=\"widget\" data-e-type=\"widget\" data-widget_type=\"text-editor.default\">\n\t\t\t\t<div class=\"elementor-widget-container\">\n\t\t\t\t\t\t\t\t\t<p>En el interior, las diferentes actividades se delimitan mediante las intersecciones de las cubiertas inclinadas de cada uno de los prismas, donde se alojar\u00e1n los separadores m\u00f3viles en funci\u00f3n de las necesidades. Cada uno de estos prismas est\u00e1 dise\u00f1ado para captar la luz durante el d\u00eda e iluminar durante la noche los espacios exteriores aterrazados del conjunto.<\/p><p>El espacio exterior est\u00e1 dise\u00f1ado para ser un espacio urbano que puede ser transitado y ocupado por los peatones con total libertad, convirtiendo as\u00ed el edificio en un elemento central de la vida urbana. En resumen, este edificio se caracteriza por su flexibilidad y adaptabilidad, as\u00ed como por su capacidad para crear un espacio urbano animado y din\u00e1mico.<\/p>\t\t\t\t\t\t\t\t<\/div>\n\t\t\t\t<\/div>\n\t\t\t\t<div class=\"elementor-element elementor-element-84bcc79 elementor-widget elementor-widget-text-editor\" data-id=\"84bcc79\" data-element_type=\"widget\" data-e-type=\"widget\" data-widget_type=\"text-editor.default\">\n\t\t\t\t<div class=\"elementor-widget-container\">\n\t\t\t\t\t\t\t\t\t<p><strong>Equipo<\/strong><br \/><strong>Xabier Ramos<\/strong><\/p><p><strong>Colaboradores<\/strong><br \/><strong>Xabier Urra Monaut<\/strong><\/p>\t\t\t\t\t\t\t\t<\/div>\n\t\t\t\t<\/div>\n\t\t\t\t<\/div>\n\t\t\t\t\t<\/div>\n\t\t\t\t<\/div>\n\t\t<div class=\"elementor-element elementor-element-70566c8 e-con-full animated-slow e-flex elementor-invisible e-con e-parent\" data-id=\"70566c8\" data-element_type=\"container\" data-e-type=\"container\" id=\"imagenes13\" data-settings=\"{&quot;animation&quot;:&quot;slideInUp&quot;}\">\n\t\t\t\t<div class=\"elementor-element elementor-element-ef953d3 elementor-widget elementor-widget-image\" data-id=\"ef953d3\" data-element_type=\"widget\" data-e-type=\"widget\" data-widget_type=\"image.default\">\n\t\t\t\t<div class=\"elementor-widget-container\">\n\t\t\t\t\t\t\t\t\t\t\t\t\t\t\t<img fetchpriority=\"high\" decoding=\"async\" width=\"2560\" height=\"2121\" src=\"https:\/\/ramosbilbao.com\/wp-content\/uploads\/2025\/10\/Bihoma-03-scaled.jpg\" class=\"attachment-full size-full wp-image-6107\" alt=\"\" srcset=\"https:\/\/ramosbilbao.com\/wp-content\/uploads\/2025\/10\/Bihoma-03-scaled.jpg 2560w, https:\/\/ramosbilbao.com\/wp-content\/uploads\/2025\/10\/Bihoma-03-300x249.jpg 300w, https:\/\/ramosbilbao.com\/wp-content\/uploads\/2025\/10\/Bihoma-03-1024x848.jpg 1024w, https:\/\/ramosbilbao.com\/wp-content\/uploads\/2025\/10\/Bihoma-03-768x636.jpg 768w, https:\/\/ramosbilbao.com\/wp-content\/uploads\/2025\/10\/Bihoma-03-1536x1273.jpg 1536w, https:\/\/ramosbilbao.com\/wp-content\/uploads\/2025\/10\/Bihoma-03-2048x1697.jpg 2048w, https:\/\/ramosbilbao.com\/wp-content\/uploads\/2025\/10\/Bihoma-03-14x12.jpg 14w\" sizes=\"(max-width: 2560px) 100vw, 2560px\" \/>\t\t\t\t\t\t\t\t\t\t\t\t\t\t\t<\/div>\n\t\t\t\t<\/div>\n\t\t\t\t<\/div>\n\t\t<div class=\"elementor-element elementor-element-b30d3e2 e-con-full animated-slow e-flex elementor-invisible e-con e-parent\" data-id=\"b30d3e2\" data-element_type=\"container\" data-e-type=\"container\" data-settings=\"{&quot;animation&quot;:&quot;slideInUp&quot;}\">\n\t\t\t\t<div class=\"elementor-element elementor-element-38fa817 elementor-widget elementor-widget-image\" data-id=\"38fa817\" data-element_type=\"widget\" data-e-type=\"widget\" data-widget_type=\"image.default\">\n\t\t\t\t<div class=\"elementor-widget-container\">\n\t\t\t\t\t\t\t\t\t\t\t\t\t\t\t<img decoding=\"async\" width=\"2048\" height=\"1096\" src=\"https:\/\/ramosbilbao.com\/wp-content\/uploads\/2024\/03\/enhanced-image-3c-copia-2.jpg\" class=\"attachment-full size-full wp-image-4514\" alt=\"\" srcset=\"https:\/\/ramosbilbao.com\/wp-content\/uploads\/2024\/03\/enhanced-image-3c-copia-2.jpg 2048w, https:\/\/ramosbilbao.com\/wp-content\/uploads\/2024\/03\/enhanced-image-3c-copia-2-300x161.jpg 300w, https:\/\/ramosbilbao.com\/wp-content\/uploads\/2024\/03\/enhanced-image-3c-copia-2-1024x548.jpg 1024w, https:\/\/ramosbilbao.com\/wp-content\/uploads\/2024\/03\/enhanced-image-3c-copia-2-768x411.jpg 768w, https:\/\/ramosbilbao.com\/wp-content\/uploads\/2024\/03\/enhanced-image-3c-copia-2-1536x822.jpg 1536w, https:\/\/ramosbilbao.com\/wp-content\/uploads\/2024\/03\/enhanced-image-3c-copia-2-18x10.jpg 18w\" sizes=\"(max-width: 2048px) 100vw, 2048px\" \/>\t\t\t\t\t\t\t\t\t\t\t\t\t\t\t<\/div>\n\t\t\t\t<\/div>\n\t\t\t\t<\/div>\n\t\t<div class=\"elementor-element elementor-element-03e49cb animated-slow e-flex e-con-boxed elementor-invisible e-con e-parent\" data-id=\"03e49cb\" data-element_type=\"container\" data-e-type=\"container\" data-settings=\"{&quot;animation&quot;:&quot;slideInUp&quot;}\">\n\t\t\t\t\t<div class=\"e-con-inner\">\n\t\t\t\t<div class=\"elementor-element elementor-element-e477f56 elementor-widget elementor-widget-image\" data-id=\"e477f56\" data-element_type=\"widget\" data-e-type=\"widget\" data-widget_type=\"image.default\">\n\t\t\t\t<div class=\"elementor-widget-container\">\n\t\t\t\t\t\t\t\t\t\t\t\t\t\t\t<img decoding=\"async\" width=\"2560\" height=\"2405\" src=\"https:\/\/ramosbilbao.com\/wp-content\/uploads\/2025\/10\/Bihoma-01-scaled.jpg\" class=\"attachment-full size-full wp-image-6108\" alt=\"\" srcset=\"https:\/\/ramosbilbao.com\/wp-content\/uploads\/2025\/10\/Bihoma-01-scaled.jpg 2560w, https:\/\/ramosbilbao.com\/wp-content\/uploads\/2025\/10\/Bihoma-01-300x282.jpg 300w, https:\/\/ramosbilbao.com\/wp-content\/uploads\/2025\/10\/Bihoma-01-1024x962.jpg 1024w, https:\/\/ramosbilbao.com\/wp-content\/uploads\/2025\/10\/Bihoma-01-768x721.jpg 768w, https:\/\/ramosbilbao.com\/wp-content\/uploads\/2025\/10\/Bihoma-01-1536x1443.jpg 1536w, https:\/\/ramosbilbao.com\/wp-content\/uploads\/2025\/10\/Bihoma-01-2048x1924.jpg 2048w, https:\/\/ramosbilbao.com\/wp-content\/uploads\/2025\/10\/Bihoma-01-13x12.jpg 13w\" sizes=\"(max-width: 2560px) 100vw, 2560px\" \/>\t\t\t\t\t\t\t\t\t\t\t\t\t\t\t<\/div>\n\t\t\t\t<\/div>\n\t\t\t\t\t<\/div>\n\t\t\t\t<\/div>\n\t\t<div class=\"elementor-element elementor-element-1797f2d e-con-full animated-slow e-flex elementor-invisible e-con e-parent\" data-id=\"1797f2d\" data-element_type=\"container\" data-e-type=\"container\" data-settings=\"{&quot;animation&quot;:&quot;slideInUp&quot;}\">\n\t\t\t\t<div class=\"elementor-element elementor-element-dde177a elementor-widget elementor-widget-image\" data-id=\"dde177a\" data-element_type=\"widget\" data-e-type=\"widget\" data-widget_type=\"image.default\">\n\t\t\t\t<div class=\"elementor-widget-container\">\n\t\t\t\t\t\t\t\t\t\t\t\t\t\t\t<img loading=\"lazy\" decoding=\"async\" width=\"2560\" height=\"2259\" src=\"https:\/\/ramosbilbao.com\/wp-content\/uploads\/2025\/10\/Bihoma-02-scaled.jpg\" class=\"attachment-full size-full wp-image-6100\" alt=\"\" srcset=\"https:\/\/ramosbilbao.com\/wp-content\/uploads\/2025\/10\/Bihoma-02-scaled.jpg 2560w, https:\/\/ramosbilbao.com\/wp-content\/uploads\/2025\/10\/Bihoma-02-300x265.jpg 300w, https:\/\/ramosbilbao.com\/wp-content\/uploads\/2025\/10\/Bihoma-02-1024x904.jpg 1024w, https:\/\/ramosbilbao.com\/wp-content\/uploads\/2025\/10\/Bihoma-02-768x678.jpg 768w, https:\/\/ramosbilbao.com\/wp-content\/uploads\/2025\/10\/Bihoma-02-1536x1355.jpg 1536w, https:\/\/ramosbilbao.com\/wp-content\/uploads\/2025\/10\/Bihoma-02-2048x1807.jpg 2048w, https:\/\/ramosbilbao.com\/wp-content\/uploads\/2025\/10\/Bihoma-02-14x12.jpg 14w\" sizes=\"(max-width: 2560px) 100vw, 2560px\" \/>\t\t\t\t\t\t\t\t\t\t\t\t\t\t\t<\/div>\n\t\t\t\t<\/div>\n\t\t\t\t<\/div>\n\t\t<div class=\"elementor-element elementor-element-1b5af29 animated-slow e-flex e-con-boxed elementor-invisible e-con e-parent\" data-id=\"1b5af29\" data-element_type=\"container\" data-e-type=\"container\" id=\"planos13\" data-settings=\"{&quot;animation&quot;:&quot;slideInUp&quot;}\">\n\t\t\t\t\t<div class=\"e-con-inner\">\n\t\t\t\t<div class=\"elementor-element elementor-element-0de186c elementor-arrows-position-outside elementor-pagination-position-outside elementor-widget elementor-widget-image-carousel\" data-id=\"0de186c\" data-element_type=\"widget\" data-e-type=\"widget\" data-settings=\"{&quot;slides_to_show&quot;:&quot;1&quot;,&quot;navigation&quot;:&quot;both&quot;,&quot;autoplay&quot;:&quot;yes&quot;,&quot;pause_on_hover&quot;:&quot;yes&quot;,&quot;pause_on_interaction&quot;:&quot;yes&quot;,&quot;autoplay_speed&quot;:5000,&quot;infinite&quot;:&quot;yes&quot;,&quot;effect&quot;:&quot;slide&quot;,&quot;speed&quot;:500}\" data-widget_type=\"image-carousel.default\">\n\t\t\t\t<div class=\"elementor-widget-container\">\n\t\t\t\t\t\t\t<div class=\"elementor-image-carousel-wrapper swiper\" role=\"region\" aria-roledescription=\"carousel\" aria-label=\"Carrusel de im\u00e1genes\" dir=\"ltr\">\n\t\t\t<div class=\"elementor-image-carousel swiper-wrapper\" aria-live=\"off\">\n\t\t\t\t\t\t\t\t<div class=\"swiper-slide\" role=\"group\" aria-roledescription=\"slide\" aria-label=\"1 of 5\" data-no-translation-aria-label=\"\"><figure class=\"swiper-slide-inner\"><img decoding=\"async\" class=\"swiper-slide-image\" src=\"https:\/\/ramosbilbao.com\/wp-content\/uploads\/2024\/03\/5-10-scaled.jpg\" alt=\"5\" \/><\/figure><\/div><div class=\"swiper-slide\" role=\"group\" aria-roledescription=\"slide\" aria-label=\"2 of 5\" data-no-translation-aria-label=\"\"><figure class=\"swiper-slide-inner\"><img decoding=\"async\" class=\"swiper-slide-image\" src=\"https:\/\/ramosbilbao.com\/wp-content\/uploads\/2024\/03\/9-6-scaled.jpg\" alt=\"9\" \/><\/figure><\/div><div class=\"swiper-slide\" role=\"group\" aria-roledescription=\"slide\" aria-label=\"3 of 5\" data-no-translation-aria-label=\"\"><figure class=\"swiper-slide-inner\"><img decoding=\"async\" class=\"swiper-slide-image\" src=\"https:\/\/ramosbilbao.com\/wp-content\/uploads\/2024\/03\/6-7.jpg\" alt=\"6\" \/><\/figure><\/div><div class=\"swiper-slide\" role=\"group\" aria-roledescription=\"slide\" aria-label=\"4 of 5\" data-no-translation-aria-label=\"\"><figure class=\"swiper-slide-inner\"><img decoding=\"async\" class=\"swiper-slide-image\" src=\"https:\/\/ramosbilbao.com\/wp-content\/uploads\/2024\/03\/7-7.jpg\" alt=\"7\" \/><\/figure><\/div><div class=\"swiper-slide\" role=\"group\" aria-roledescription=\"slide\" aria-label=\"5 of 5\" data-no-translation-aria-label=\"\"><figure class=\"swiper-slide-inner\"><img decoding=\"async\" class=\"swiper-slide-image\" src=\"https:\/\/ramosbilbao.com\/wp-content\/uploads\/2024\/03\/8-6.jpg\" alt=\"8\" \/><\/figure><\/div>\t\t\t<\/div>\n\t\t\t\t\t\t\t\t\t\t\t\t<div class=\"elementor-swiper-button elementor-swiper-button-prev\" role=\"button\" tabindex=\"0\">\n\t\t\t\t\t\t<svg aria-hidden=\"true\" class=\"e-font-icon-svg e-eicon-chevron-left\" viewbox=\"0 0 1000 1000\" xmlns=\"http:\/\/www.w3.org\/2000\/svg\"><path d=\"M646 125C629 125 613 133 604 142L308 442C296 454 292 471 292 487 292 504 296 521 308 533L604 854C617 867 629 875 646 875 663 875 679 871 692 858 704 846 713 829 713 812 713 796 708 779 692 767L438 487 692 225C700 217 708 204 708 187 708 171 704 154 692 142 675 129 663 125 646 125Z\"><\/path><\/svg>\t\t\t\t\t<\/div>\n\t\t\t\t\t<div class=\"elementor-swiper-button elementor-swiper-button-next\" role=\"button\" tabindex=\"0\">\n\t\t\t\t\t\t<svg aria-hidden=\"true\" class=\"e-font-icon-svg e-eicon-chevron-right\" viewbox=\"0 0 1000 1000\" xmlns=\"http:\/\/www.w3.org\/2000\/svg\"><path d=\"M696 533C708 521 713 504 713 487 713 471 708 454 696 446L400 146C388 133 375 125 354 125 338 125 325 129 313 142 300 154 292 171 292 187 292 204 296 221 308 233L563 492 304 771C292 783 288 800 288 817 288 833 296 850 308 863 321 871 338 875 354 875 371 875 388 867 400 854L696 533Z\"><\/path><\/svg>\t\t\t\t\t<\/div>\n\t\t\t\t\n\t\t\t\t\t\t\t\t\t<div class=\"swiper-pagination\"><\/div>\n\t\t\t\t\t\t\t\t\t<\/div>\n\t\t\t\t\t\t<\/div>\n\t\t\t\t<\/div>\n\t\t\t\t\t<\/div>\n\t\t\t\t<\/div>\n\t\t<div class=\"elementor-element elementor-element-9640dc3 e-flex e-con-boxed e-con e-parent\" data-id=\"9640dc3\" data-element_type=\"container\" data-e-type=\"container\">\n\t\t\t\t\t<div class=\"e-con-inner\">\n\t\t<div class=\"elementor-element elementor-element-e867439 e-con-full e-flex e-con e-child\" data-id=\"e867439\" data-element_type=\"container\" data-e-type=\"container\">\n\t\t\t\t<div class=\"elementor-element elementor-element-d008935 elementor-widget elementor-widget-heading\" data-id=\"d008935\" data-element_type=\"widget\" data-e-type=\"widget\" data-widget_type=\"heading.default\">\n\t\t\t\t<div class=\"elementor-widget-container\">\n\t\t\t\t\t<h2 class=\"elementor-heading-title elementor-size-default\">SUP. PARCELA \/ M2<\/h2>\t\t\t\t<\/div>\n\t\t\t\t<\/div>\n\t\t\t\t<div class=\"elementor-element elementor-element-46c8baf elementor-widget elementor-widget-text-editor\" data-id=\"46c8baf\" data-element_type=\"widget\" data-e-type=\"widget\" data-widget_type=\"text-editor.default\">\n\t\t\t\t<div class=\"elementor-widget-container\">\n\t\t\t\t\t\t\t\t\t<h1><strong>660<\/strong><\/h1>\t\t\t\t\t\t\t\t<\/div>\n\t\t\t\t<\/div>\n\t\t\t\t<\/div>\n\t\t<div class=\"elementor-element elementor-element-b09d444 e-con-full e-flex e-con e-child\" data-id=\"b09d444\" data-element_type=\"container\" data-e-type=\"container\">\n\t\t\t\t<div class=\"elementor-element elementor-element-db3e905 elementor-widget elementor-widget-heading\" data-id=\"db3e905\" data-element_type=\"widget\" data-e-type=\"widget\" data-widget_type=\"heading.default\">\n\t\t\t\t<div class=\"elementor-widget-container\">\n\t\t\t\t\t<h2 class=\"elementor-heading-title elementor-size-default\">SUP. CONSTRUIDA \/ M2<\/h2>\t\t\t\t<\/div>\n\t\t\t\t<\/div>\n\t\t\t\t<div class=\"elementor-element elementor-element-04373cd elementor-widget elementor-widget-text-editor\" data-id=\"04373cd\" data-element_type=\"widget\" data-e-type=\"widget\" data-widget_type=\"text-editor.default\">\n\t\t\t\t<div class=\"elementor-widget-container\">\n\t\t\t\t\t\t\t\t\t<h1><strong>420<\/strong><\/h1>\t\t\t\t\t\t\t\t<\/div>\n\t\t\t\t<\/div>\n\t\t\t\t<\/div>\n\t\t<div class=\"elementor-element elementor-element-f157ac5 e-con-full e-flex e-con e-child\" data-id=\"f157ac5\" data-element_type=\"container\" data-e-type=\"container\">\n\t\t\t\t<div class=\"elementor-element elementor-element-f8aa2e1 elementor-widget elementor-widget-heading\" data-id=\"f8aa2e1\" data-element_type=\"widget\" data-e-type=\"widget\" data-widget_type=\"heading.default\">\n\t\t\t\t<div class=\"elementor-widget-container\">\n\t\t\t\t\t<h2 class=\"elementor-heading-title elementor-size-default\">HABITACIONES<\/h2>\t\t\t\t<\/div>\n\t\t\t\t<\/div>\n\t\t\t\t<div class=\"elementor-element elementor-element-f7f0c9f elementor-widget elementor-widget-text-editor\" data-id=\"f7f0c9f\" data-element_type=\"widget\" data-e-type=\"widget\" data-widget_type=\"text-editor.default\">\n\t\t\t\t<div class=\"elementor-widget-container\">\n\t\t\t\t\t\t\t\t\t<h1><strong>0<\/strong><\/h1>\t\t\t\t\t\t\t\t<\/div>\n\t\t\t\t<\/div>\n\t\t\t\t<\/div>\n\t\t<div class=\"elementor-element elementor-element-fc842fe e-con-full e-flex e-con e-child\" data-id=\"fc842fe\" data-element_type=\"container\" data-e-type=\"container\">\n\t\t\t\t<div class=\"elementor-element elementor-element-913e013 elementor-widget elementor-widget-heading\" data-id=\"913e013\" data-element_type=\"widget\" data-e-type=\"widget\" data-widget_type=\"heading.default\">\n\t\t\t\t<div class=\"elementor-widget-container\">\n\t\t\t\t\t<h2 class=\"elementor-heading-title elementor-size-default\">PLANTAS<\/h2>\t\t\t\t<\/div>\n\t\t\t\t<\/div>\n\t\t\t\t<div class=\"elementor-element elementor-element-bbd13fa elementor-widget elementor-widget-text-editor\" data-id=\"bbd13fa\" data-element_type=\"widget\" data-e-type=\"widget\" data-widget_type=\"text-editor.default\">\n\t\t\t\t<div class=\"elementor-widget-container\">\n\t\t\t\t\t\t\t\t\t<h1><strong>3<\/strong><\/h1>\t\t\t\t\t\t\t\t<\/div>\n\t\t\t\t<\/div>\n\t\t\t\t<\/div>\n\t\t\t\t\t<\/div>\n\t\t\t\t<\/div>\n\t\t<div class=\"elementor-element elementor-element-e4a9676 e-flex e-con-boxed e-con e-parent\" data-id=\"e4a9676\" data-element_type=\"container\" data-e-type=\"container\">\n\t\t\t\t\t<div class=\"e-con-inner\">\n\t\t<div class=\"elementor-element elementor-element-714c41e e-con-full e-flex e-con e-child\" data-id=\"714c41e\" data-element_type=\"container\" data-e-type=\"container\">\n\t\t\t\t<div class=\"elementor-element elementor-element-3a4b0b5 elementor-widget elementor-widget-heading\" data-id=\"3a4b0b5\" data-element_type=\"widget\" data-e-type=\"widget\" data-widget_type=\"heading.default\">\n\t\t\t\t<div class=\"elementor-widget-container\">\n\t\t\t\t\t<h2 class=\"elementor-heading-title elementor-size-default\">DOWNLOAD<\/h2>\t\t\t\t<\/div>\n\t\t\t\t<\/div>\n\t\t\t\t<div class=\"elementor-element elementor-element-7d74ca6 elementor-widget elementor-widget-text-editor\" data-id=\"7d74ca6\" data-element_type=\"widget\" data-e-type=\"widget\" data-widget_type=\"text-editor.default\">\n\t\t\t\t<div class=\"elementor-widget-container\">\n\t\t\t\t\t\t\t\t\t<p>.<\/p>\t\t\t\t\t\t\t\t<\/div>\n\t\t\t\t<\/div>\n\t\t\t\t<\/div>\n\t\t<div class=\"elementor-element elementor-element-e923d55 e-con-full e-flex e-con e-child\" data-id=\"e923d55\" data-element_type=\"container\" data-e-type=\"container\">\n\t\t\t\t<\/div>\n\t\t<div class=\"elementor-element elementor-element-2c9b757 e-con-full e-flex e-con e-child\" data-id=\"2c9b757\" data-element_type=\"container\" data-e-type=\"container\">\n\t\t\t\t<div class=\"elementor-element elementor-element-6ce6055 elementor-widget elementor-widget-heading\" data-id=\"6ce6055\" data-element_type=\"widget\" data-e-type=\"widget\" data-widget_type=\"heading.default\">\n\t\t\t\t<div class=\"elementor-widget-container\">\n\t\t\t\t\t<h2 class=\"elementor-heading-title elementor-size-default\">TIPOLOG\u00cdA<\/h2>\t\t\t\t<\/div>\n\t\t\t\t<\/div>\n\t\t\t\t<div class=\"elementor-element elementor-element-3cfab6f elementor-widget elementor-widget-text-editor\" data-id=\"3cfab6f\" data-element_type=\"widget\" data-e-type=\"widget\" data-widget_type=\"text-editor.default\">\n\t\t\t\t<div class=\"elementor-widget-container\">\n\t\t\t\t\t\t\t\t\t<p>DOTACIONAL HOSTELERO<\/p>\t\t\t\t\t\t\t\t<\/div>\n\t\t\t\t<\/div>\n\t\t\t\t<\/div>\n\t\t\t\t\t<\/div>\n\t\t\t\t<\/div>\n\t\t\t\t<\/div>","protected":false},"excerpt":{"rendered":"<p>PROYECTO BIHOMA Durango, Espa\u00f1a 2023 INFO IM\u00c1GENES PLANOS Este es un edificio dise\u00f1ado para ser un espacio polivalente, capaz de crecer, unirse o dividirse en diferentes ambientes seg\u00fan las necesidades del cliente. El dise\u00f1o se basa en la repetici\u00f3n de una misma figura geom\u00e9trica b\u00e1sica, concreta, masiva y casi c\u00fabica, que se apila para conformar [&hellip;]<\/p>\n","protected":false},"author":1,"featured_media":0,"parent":0,"menu_order":0,"comment_status":"closed","ping_status":"closed","template":"elementor_canvas","meta":{"footnotes":""},"class_list":["post-1282","page","type-page","status-publish","hentry"],"_links":{"self":[{"href":"https:\/\/ramosbilbao.com\/eng\/wp-json\/wp\/v2\/pages\/1282","targetHints":{"allow":["GET"]}}],"collection":[{"href":"https:\/\/ramosbilbao.com\/eng\/wp-json\/wp\/v2\/pages"}],"about":[{"href":"https:\/\/ramosbilbao.com\/eng\/wp-json\/wp\/v2\/types\/page"}],"author":[{"embeddable":true,"href":"https:\/\/ramosbilbao.com\/eng\/wp-json\/wp\/v2\/users\/1"}],"replies":[{"embeddable":true,"href":"https:\/\/ramosbilbao.com\/eng\/wp-json\/wp\/v2\/comments?post=1282"}],"version-history":[{"count":194,"href":"https:\/\/ramosbilbao.com\/eng\/wp-json\/wp\/v2\/pages\/1282\/revisions"}],"predecessor-version":[{"id":6114,"href":"https:\/\/ramosbilbao.com\/eng\/wp-json\/wp\/v2\/pages\/1282\/revisions\/6114"}],"wp:attachment":[{"href":"https:\/\/ramosbilbao.com\/eng\/wp-json\/wp\/v2\/media?parent=1282"}],"curies":[{"name":"wp","href":"https:\/\/api.w.org\/{rel}","templated":true}]}}